{"id":33,"date":"2021-06-17T11:20:11","date_gmt":"2021-06-17T14:20:11","guid":{"rendered":"https:\/\/lempisos.com.br\/?page_id=33"},"modified":"2021-06-19T13:00:32","modified_gmt":"2021-06-19T16:00:32","slug":"home","status":"publish","type":"page","link":"https:\/\/lempisos.com.br\/","title":{"rendered":"Home"},"content":{"rendered":"\t\t<div data-elementor-type=\"wp-page\" data-elementor-id=\"33\" class=\"elementor elementor-33\" data-elementor-settings=\"[]\">\n\t\t\t\t\t\t\t<div class=\"elementor-section-wrap\">\n\t\t\t\t\t\t\t<section data-particle_enable=\"false\" data-particle-mobile-disabled=\"false\" class=\"elementor-section elementor-top-section elementor-element elementor-element-6137ea0 elementor-section-boxed elementor-section-height-default elementor-section-height-default\" data-id=\"6137ea0\" data-element_type=\"section\" data-settings=\"{&quot;background_background&quot;:&quot;classic&quot;}\">\n\t\t\t\t\t\t<div class=\"elementor-container elementor-column-gap-default\">\n\t\t\t\t\t<div class=\"elementor-column elementor-col-100 elementor-top-column elementor-element elementor-element-9aa9b3d\" data-id=\"9aa9b3d\" data-element_type=\"column\">\n\t\t\t<div class=\"elementor-widget-wrap elementor-element-populated\">\n\t\t\t\t\t\t\t\t<div class=\"elementor-element elementor-element-82cc62f elementor-widget elementor-widget-text-editor\" data-id=\"82cc62f\" data-element_type=\"widget\" data-widget_type=\"text-editor.default\">\n\t\t\t\t<div class=\"elementor-widget-container\">\n\t\t\t\t\t\t\t\t<p>Pisos de alta resist\u00eancia para os mais diversos tipos de ambientes<\/p>\t\t\t\t\t\t<\/div>\n\t\t\t\t<\/div>\n\t\t\t\t\t<\/div>\n\t\t<\/div>\n\t\t\t\t\t\t\t<\/div>\n\t\t<\/section>\n\t\t\t\t<section data-particle_enable=\"false\" data-particle-mobile-disabled=\"false\" class=\"elementor-section elementor-top-section elementor-element elementor-element-2150852 elementor-section-full_width elementor-section-height-default elementor-section-height-default\" data-id=\"2150852\" data-element_type=\"section\">\n\t\t\t\t\t\t<div class=\"elementor-container elementor-column-gap-no\">\n\t\t\t\t\t<div class=\"elementor-column elementor-col-100 elementor-top-column elementor-element elementor-element-0716ae4\" data-id=\"0716ae4\" data-element_type=\"column\">\n\t\t\t<div class=\"elementor-widget-wrap elementor-element-populated\">\n\t\t\t\t\t\t\t\t<div class=\"elementor-element elementor-element-58f3c4f elementor-widget elementor-widget-image\" data-id=\"58f3c4f\" data-element_type=\"widget\" data-widget_type=\"image.default\">\n\t\t\t\t<div class=\"elementor-widget-container\">\n\t\t\t\t\t\t\t\t\t\t\t\t\t\t\t<img loading=\"lazy\" decoding=\"async\" width=\"1700\" height=\"530\" src=\"https:\/\/lempisos.com.br\/wp-content\/uploads\/2021\/06\/Piso-3.jpg\" class=\"attachment-full size-full\" alt=\"\" srcset=\"https:\/\/lempisos.com.br\/wp-content\/uploads\/2021\/06\/Piso-3.jpg 1700w, https:\/\/lempisos.com.br\/wp-content\/uploads\/2021\/06\/Piso-3-300x94.jpg 300w, https:\/\/lempisos.com.br\/wp-content\/uploads\/2021\/06\/Piso-3-1024x319.jpg 1024w, https:\/\/lempisos.com.br\/wp-content\/uploads\/2021\/06\/Piso-3-768x239.jpg 768w, https:\/\/lempisos.com.br\/wp-content\/uploads\/2021\/06\/Piso-3-1536x479.jpg 1536w, https:\/\/lempisos.com.br\/wp-content\/uploads\/2021\/06\/Piso-3-914x285.jpg 914w, https:\/\/lempisos.com.br\/wp-content\/uploads\/2021\/06\/Piso-3-1240x387.jpg 1240w, https:\/\/lempisos.com.br\/wp-content\/uploads\/2021\/06\/Piso-3-694x216.jpg 694w\" sizes=\"auto, (max-width: 1700px) 100vw, 1700px\" \/>\t\t\t\t\t\t\t\t\t\t\t\t\t\t\t<\/div>\n\t\t\t\t<\/div>\n\t\t\t\t\t<\/div>\n\t\t<\/div>\n\t\t\t\t\t\t\t<\/div>\n\t\t<\/section>\n\t\t\t\t<section data-particle_enable=\"false\" data-particle-mobile-disabled=\"false\" class=\"elementor-section elementor-top-section elementor-element elementor-element-89b3040 elementor-section-boxed elementor-section-height-default elementor-section-height-default\" data-id=\"89b3040\" data-element_type=\"section\">\n\t\t\t\t\t\t<div class=\"elementor-container elementor-column-gap-default\">\n\t\t\t\t\t<div class=\"elementor-column elementor-col-100 elementor-top-column elementor-element elementor-element-4ee450c\" data-id=\"4ee450c\" data-element_type=\"column\">\n\t\t\t<div class=\"elementor-widget-wrap elementor-element-populated\">\n\t\t\t\t\t\t\t\t<div class=\"elementor-element elementor-element-7e1d617 elementor-widget elementor-widget-spacer\" data-id=\"7e1d617\" data-element_type=\"widget\" data-widget_type=\"spacer.default\">\n\t\t\t\t<div class=\"elementor-widget-container\">\n\t\t\t\t\t<div class=\"elementor-spacer\">\n\t\t\t<div class=\"elementor-spacer-inner\"><\/div>\n\t\t<\/div>\n\t\t\t\t<\/div>\n\t\t\t\t<\/div>\n\t\t\t\t<div class=\"elementor-element elementor-element-7608228 elementor-widget elementor-widget-text-editor\" data-id=\"7608228\" data-element_type=\"widget\" data-widget_type=\"text-editor.default\">\n\t\t\t\t<div class=\"elementor-widget-container\">\n\t\t\t\t\t\t\t\t<p>EXPERI\u00caNCIA E PROFISSIONALISMO<\/p>\t\t\t\t\t\t<\/div>\n\t\t\t\t<\/div>\n\t\t\t\t<div class=\"elementor-element elementor-element-71f0e4f elementor-widget elementor-widget-text-editor\" data-id=\"71f0e4f\" data-element_type=\"widget\" data-widget_type=\"text-editor.default\">\n\t\t\t\t<div class=\"elementor-widget-container\">\n\t\t\t\t\t\t\t\t<p>Uma empresa capacitada para oferecer as melhores solu\u00e7\u00f5es em Pisos Industriais<\/p>\t\t\t\t\t\t<\/div>\n\t\t\t\t<\/div>\n\t\t\t\t<div class=\"elementor-element elementor-element-622816c elementor-widget elementor-widget-spacer\" data-id=\"622816c\" data-element_type=\"widget\" data-widget_type=\"spacer.default\">\n\t\t\t\t<div class=\"elementor-widget-container\">\n\t\t\t\t\t<div class=\"elementor-spacer\">\n\t\t\t<div class=\"elementor-spacer-inner\"><\/div>\n\t\t<\/div>\n\t\t\t\t<\/div>\n\t\t\t\t<\/div>\n\t\t\t\t\t<\/div>\n\t\t<\/div>\n\t\t\t\t\t\t\t<\/div>\n\t\t<\/section>\n\t\t\t\t<section data-particle_enable=\"false\" data-particle-mobile-disabled=\"false\" class=\"elementor-section elementor-top-section elementor-element elementor-element-6051a5f elementor-section-boxed elementor-section-height-default elementor-section-height-default\" data-id=\"6051a5f\" data-element_type=\"section\" data-settings=\"{&quot;background_background&quot;:&quot;classic&quot;}\">\n\t\t\t\t\t\t<div class=\"elementor-container elementor-column-gap-default\">\n\t\t\t\t\t<div class=\"elementor-column elementor-col-50 elementor-top-column elementor-element elementor-element-d1336c9\" data-id=\"d1336c9\" data-element_type=\"column\">\n\t\t\t<div class=\"elementor-widget-wrap elementor-element-populated\">\n\t\t\t\t\t\t\t\t<div class=\"elementor-element elementor-element-30a363a elementor-widget elementor-widget-image\" data-id=\"30a363a\" data-element_type=\"widget\" data-widget_type=\"image.default\">\n\t\t\t\t<div class=\"elementor-widget-container\">\n\t\t\t\t\t\t\t\t\t\t\t\t\t\t\t<img loading=\"lazy\" decoding=\"async\" width=\"626\" height=\"417\" src=\"https:\/\/lempisos.com.br\/wp-content\/uploads\/2021\/06\/trabalhador-achatando-o-piso-de-concreto_126745-654.jpg\" class=\"attachment-large size-large\" alt=\"\" srcset=\"https:\/\/lempisos.com.br\/wp-content\/uploads\/2021\/06\/trabalhador-achatando-o-piso-de-concreto_126745-654.jpg 626w, https:\/\/lempisos.com.br\/wp-content\/uploads\/2021\/06\/trabalhador-achatando-o-piso-de-concreto_126745-654-300x200.jpg 300w\" sizes=\"auto, (max-width: 626px) 100vw, 626px\" \/>\t\t\t\t\t\t\t\t\t\t\t\t\t\t\t<\/div>\n\t\t\t\t<\/div>\n\t\t\t\t\t<\/div>\n\t\t<\/div>\n\t\t\t\t<div class=\"elementor-column elementor-col-50 elementor-top-column elementor-element elementor-element-1074ab4\" data-id=\"1074ab4\" data-element_type=\"column\">\n\t\t\t<div class=\"elementor-widget-wrap elementor-element-populated\">\n\t\t\t\t\t\t\t\t<div class=\"elementor-element elementor-element-13788c7 elementor-headline--style-highlight elementor-widget elementor-widget-animated-headline\" data-id=\"13788c7\" data-element_type=\"widget\" data-settings=\"{&quot;marker&quot;:&quot;underline&quot;,&quot;highlighted_text&quot;:&quot;Qualidade&quot;,&quot;headline_style&quot;:&quot;highlight&quot;,&quot;loop&quot;:&quot;yes&quot;,&quot;highlight_animation_duration&quot;:1200,&quot;highlight_iteration_delay&quot;:8000}\" data-widget_type=\"animated-headline.default\">\n\t\t\t\t<div class=\"elementor-widget-container\">\n\t\t\t\t\t<h3 class=\"elementor-headline\">\n\t\t\t\t\t<span class=\"elementor-headline-plain-text elementor-headline-text-wrapper\">Pisos Industriais com<\/span>\n\t\t\t\t<span class=\"elementor-headline-dynamic-wrapper elementor-headline-text-wrapper\">\n\t\t\t\t\t<span class=\"elementor-headline-dynamic-text elementor-headline-text-active\">Qualidade<\/span>\n\t\t\t\t<\/span>\n\t\t\t\t<\/h3>\n\t\t\t\t<\/div>\n\t\t\t\t<\/div>\n\t\t\t\t<div class=\"elementor-element elementor-element-e64ebda elementor-widget elementor-widget-text-editor\" data-id=\"e64ebda\" data-element_type=\"widget\" data-widget_type=\"text-editor.default\">\n\t\t\t\t<div class=\"elementor-widget-container\">\n\t\t\t\t\t\t\t\t<p>O piso industrial \u00e9 tamb\u00e9m conhecido como piso de alta resist\u00eancia, como o pr\u00f3prio nome j\u00e1 diz, \u00e9 um tipo de piso muito utilizado em ambientes que recebem muita carga (peso), a exemplo de garagens, galp\u00f5es, f\u00e1bricas e estacionamentos. O piso industrial \u00e9 feito com uma camada de concreto e outras camadas de outros materiais que variam de acordo com a necessidade do espa\u00e7o, garantindo assim seguran\u00e7a, praticidade e resist\u00eancia. Escolha aquele que o seu ambiente necessita e conte com nossos servi\u00e7os para o resultado que procura!<\/p>\t\t\t\t\t\t<\/div>\n\t\t\t\t<\/div>\n\t\t\t\t\t<\/div>\n\t\t<\/div>\n\t\t\t\t\t\t\t<\/div>\n\t\t<\/section>\n\t\t\t\t<section data-particle_enable=\"false\" data-particle-mobile-disabled=\"false\" class=\"elementor-section elementor-top-section elementor-element elementor-element-88053ba elementor-section-boxed elementor-section-height-default elementor-section-height-default\" data-id=\"88053ba\" data-element_type=\"section\">\n\t\t\t\t\t\t<div class=\"elementor-container elementor-column-gap-default\">\n\t\t\t\t\t<div class=\"elementor-column elementor-col-100 elementor-top-column elementor-element elementor-element-e180e62\" data-id=\"e180e62\" data-element_type=\"column\">\n\t\t\t<div class=\"elementor-widget-wrap elementor-element-populated\">\n\t\t\t\t\t\t\t\t<div class=\"elementor-element elementor-element-8d641ef elementor-widget elementor-widget-spacer\" data-id=\"8d641ef\" data-element_type=\"widget\" data-widget_type=\"spacer.default\">\n\t\t\t\t<div class=\"elementor-widget-container\">\n\t\t\t\t\t<div class=\"elementor-spacer\">\n\t\t\t<div class=\"elementor-spacer-inner\"><\/div>\n\t\t<\/div>\n\t\t\t\t<\/div>\n\t\t\t\t<\/div>\n\t\t\t\t\t<\/div>\n\t\t<\/div>\n\t\t\t\t\t\t\t<\/div>\n\t\t<\/section>\n\t\t\t\t<section data-particle_enable=\"false\" data-particle-mobile-disabled=\"false\" class=\"elementor-section elementor-top-section elementor-element elementor-element-fdc6aaa elementor-section-boxed elementor-section-height-default elementor-section-height-default\" data-id=\"fdc6aaa\" data-element_type=\"section\">\n\t\t\t\t\t\t<div class=\"elementor-container elementor-column-gap-default\">\n\t\t\t\t\t<div class=\"elementor-column elementor-col-50 elementor-top-column elementor-element elementor-element-db4640e\" data-id=\"db4640e\" data-element_type=\"column\">\n\t\t\t<div class=\"elementor-widget-wrap elementor-element-populated\">\n\t\t\t\t\t\t\t\t<div class=\"elementor-element elementor-element-62f9cb6 elementor-position-left elementor-vertical-align-top elementor-widget elementor-widget-image-box\" data-id=\"62f9cb6\" data-element_type=\"widget\" data-widget_type=\"image-box.default\">\n\t\t\t\t<div class=\"elementor-widget-container\">\n\t\t\t<div class=\"elementor-image-box-wrapper\"><figure class=\"elementor-image-box-img\"><img loading=\"lazy\" decoding=\"async\" width=\"691\" height=\"456\" src=\"https:\/\/lempisos.com.br\/wp-content\/uploads\/2021\/06\/Piso-Epoxi.jpg\" class=\"attachment-full size-full\" alt=\"\" srcset=\"https:\/\/lempisos.com.br\/wp-content\/uploads\/2021\/06\/Piso-Epoxi.jpg 691w, https:\/\/lempisos.com.br\/wp-content\/uploads\/2021\/06\/Piso-Epoxi-300x198.jpg 300w\" sizes=\"auto, (max-width: 691px) 100vw, 691px\" \/><\/figure><div class=\"elementor-image-box-content\"><h3 class=\"elementor-image-box-title\">Piso Ep\u00f3xi<\/h3><p class=\"elementor-image-box-description\">O revestimento de piso ep\u00f3xi \u00e9 ideal para \u00e1reas de tr\u00e1fego intenso, processamento e armazenagem de produtos. Sendo aplicado sob a superf\u00edcie do piso j\u00e1 existente, formando uma pel\u00edcula monol\u00edtica dur\u00e1vel com baixa necessidade de manuten\u00e7\u00e3o.<\/p><\/div><\/div>\t\t<\/div>\n\t\t\t\t<\/div>\n\t\t\t\t\t<\/div>\n\t\t<\/div>\n\t\t\t\t<div class=\"elementor-column elementor-col-50 elementor-top-column elementor-element elementor-element-70a230a\" data-id=\"70a230a\" data-element_type=\"column\">\n\t\t\t<div class=\"elementor-widget-wrap elementor-element-populated\">\n\t\t\t\t\t\t\t\t<div class=\"elementor-element elementor-element-f560d1c elementor-position-left elementor-vertical-align-top elementor-widget elementor-widget-image-box\" data-id=\"f560d1c\" data-element_type=\"widget\" data-widget_type=\"image-box.default\">\n\t\t\t\t<div class=\"elementor-widget-container\">\n\t\t\t<div class=\"elementor-image-box-wrapper\"><figure class=\"elementor-image-box-img\"><img loading=\"lazy\" decoding=\"async\" width=\"626\" height=\"417\" src=\"https:\/\/lempisos.com.br\/wp-content\/uploads\/2021\/06\/Piso-de-concreto-laminado.jpg\" class=\"attachment-full size-full\" alt=\"\" srcset=\"https:\/\/lempisos.com.br\/wp-content\/uploads\/2021\/06\/Piso-de-concreto-laminado.jpg 626w, https:\/\/lempisos.com.br\/wp-content\/uploads\/2021\/06\/Piso-de-concreto-laminado-300x200.jpg 300w\" sizes=\"auto, (max-width: 626px) 100vw, 626px\" \/><\/figure><div class=\"elementor-image-box-content\"><h3 class=\"elementor-image-box-title\">Piso de Concreto Laminado<\/h3><p class=\"elementor-image-box-description\">Bastante recomendado para \u00e1reas onde h\u00e1 tr\u00e1fego de ve\u00edculos, empilhadeiras, carrinhos com rodas de metal ou pl\u00e1stica, tr\u00e2nsito intenso de pessoas ou grandes dep\u00f3sitos de mat\u00e9ria-prima. Caracterizado pela alta resist\u00eancia \u00e0 compress\u00e3o e tra\u00e7\u00e3o.<\/p><\/div><\/div>\t\t<\/div>\n\t\t\t\t<\/div>\n\t\t\t\t\t<\/div>\n\t\t<\/div>\n\t\t\t\t\t\t\t<\/div>\n\t\t<\/section>\n\t\t\t\t<section data-particle_enable=\"false\" data-particle-mobile-disabled=\"false\" class=\"elementor-section elementor-top-section elementor-element elementor-element-967ed51 elementor-section-boxed elementor-section-height-default elementor-section-height-default\" data-id=\"967ed51\" data-element_type=\"section\">\n\t\t\t\t\t\t<div class=\"elementor-container elementor-column-gap-default\">\n\t\t\t\t\t<div class=\"elementor-column elementor-col-50 elementor-top-column elementor-element elementor-element-963fc36\" data-id=\"963fc36\" data-element_type=\"column\">\n\t\t\t<div class=\"elementor-widget-wrap elementor-element-populated\">\n\t\t\t\t\t\t\t\t<div class=\"elementor-element elementor-element-b7e5a16 elementor-position-right elementor-vertical-align-top elementor-widget elementor-widget-image-box\" data-id=\"b7e5a16\" data-element_type=\"widget\" data-widget_type=\"image-box.default\">\n\t\t\t\t<div class=\"elementor-widget-container\">\n\t\t\t<div class=\"elementor-image-box-wrapper\"><figure class=\"elementor-image-box-img\"><img loading=\"lazy\" decoding=\"async\" width=\"691\" height=\"456\" src=\"https:\/\/lempisos.com.br\/wp-content\/uploads\/2021\/06\/Piso-Granitina.jpg\" class=\"attachment-full size-full\" alt=\"\" srcset=\"https:\/\/lempisos.com.br\/wp-content\/uploads\/2021\/06\/Piso-Granitina.jpg 691w, https:\/\/lempisos.com.br\/wp-content\/uploads\/2021\/06\/Piso-Granitina-300x198.jpg 300w\" sizes=\"auto, (max-width: 691px) 100vw, 691px\" \/><\/figure><div class=\"elementor-image-box-content\"><h3 class=\"elementor-image-box-title\">Piso Granitina<\/h3><p class=\"elementor-image-box-description\">Feito por uma mistura de massa de cimento combinada com \u00e1gua, areia e alguns peda\u00e7os de pedras, como por exemplo, granito, m\u00e1rmore, calc\u00e1rio, quartzo, corantes, entre outros. \u00c9 um tipo de piso muito resistente, ideal para ser aplicado em hospitais e em \u00e1reas onde se requer um alto n\u00edvel de assepsia.<\/p><\/div><\/div>\t\t<\/div>\n\t\t\t\t<\/div>\n\t\t\t\t\t<\/div>\n\t\t<\/div>\n\t\t\t\t<div class=\"elementor-column elementor-col-50 elementor-top-column elementor-element elementor-element-63740a8\" data-id=\"63740a8\" data-element_type=\"column\">\n\t\t\t<div class=\"elementor-widget-wrap elementor-element-populated\">\n\t\t\t\t\t\t\t\t<div class=\"elementor-element elementor-element-4f7aa13 elementor-position-right elementor-vertical-align-top elementor-widget elementor-widget-image-box\" data-id=\"4f7aa13\" data-element_type=\"widget\" data-widget_type=\"image-box.default\">\n\t\t\t\t<div class=\"elementor-widget-container\">\n\t\t\t<div class=\"elementor-image-box-wrapper\"><figure class=\"elementor-image-box-img\"><img loading=\"lazy\" decoding=\"async\" width=\"715\" height=\"455\" src=\"https:\/\/lempisos.com.br\/wp-content\/uploads\/2021\/06\/Piso-Uretano.jpg\" class=\"attachment-full size-full\" alt=\"\" srcset=\"https:\/\/lempisos.com.br\/wp-content\/uploads\/2021\/06\/Piso-Uretano.jpg 715w, https:\/\/lempisos.com.br\/wp-content\/uploads\/2021\/06\/Piso-Uretano-300x191.jpg 300w, https:\/\/lempisos.com.br\/wp-content\/uploads\/2021\/06\/Piso-Uretano-694x442.jpg 694w\" sizes=\"auto, (max-width: 715px) 100vw, 715px\" \/><\/figure><div class=\"elementor-image-box-content\"><h3 class=\"elementor-image-box-title\">Piso Uretano<\/h3><p class=\"elementor-image-box-description\">Muito utilizado por ind\u00fastrias qu\u00edmicas e aliment\u00edcias, caracterizado pelo excelente desempenho e resist\u00eancia. Uma de suas principais caracter\u00edsticas \u00e9 a resist\u00eancia a mudan\u00e7a de temperatura, desde mais alta at\u00e9 115\u00b0C, at\u00e9 as mais baixas sendo at\u00e9 45\u00b0C negativos.<\/p><\/div><\/div>\t\t<\/div>\n\t\t\t\t<\/div>\n\t\t\t\t\t<\/div>\n\t\t<\/div>\n\t\t\t\t\t\t\t<\/div>\n\t\t<\/section>\n\t\t\t\t<section data-particle_enable=\"false\" data-particle-mobile-disabled=\"false\" class=\"elementor-section elementor-top-section elementor-element elementor-element-b9fd108 elementor-section-boxed elementor-section-height-default elementor-section-height-default\" data-id=\"b9fd108\" data-element_type=\"section\">\n\t\t\t\t\t\t<div class=\"elementor-container elementor-column-gap-default\">\n\t\t\t\t\t<div class=\"elementor-column elementor-col-50 elementor-top-column elementor-element elementor-element-c762d3b\" data-id=\"c762d3b\" data-element_type=\"column\">\n\t\t\t<div class=\"elementor-widget-wrap elementor-element-populated\">\n\t\t\t\t\t\t\t\t<div class=\"elementor-element elementor-element-570b4c5 elementor-position-left elementor-vertical-align-top elementor-widget elementor-widget-image-box\" data-id=\"570b4c5\" data-element_type=\"widget\" data-widget_type=\"image-box.default\">\n\t\t\t\t<div class=\"elementor-widget-container\">\n\t\t\t<div class=\"elementor-image-box-wrapper\"><figure class=\"elementor-image-box-img\"><img loading=\"lazy\" decoding=\"async\" width=\"450\" height=\"250\" src=\"https:\/\/lempisos.com.br\/wp-content\/uploads\/2021\/06\/Piso-Vassourado-1.jpg\" class=\"attachment-full size-full\" alt=\"\" srcset=\"https:\/\/lempisos.com.br\/wp-content\/uploads\/2021\/06\/Piso-Vassourado-1.jpg 450w, https:\/\/lempisos.com.br\/wp-content\/uploads\/2021\/06\/Piso-Vassourado-1-300x167.jpg 300w\" sizes=\"auto, (max-width: 450px) 100vw, 450px\" \/><\/figure><div class=\"elementor-image-box-content\"><h3 class=\"elementor-image-box-title\">Piso Vassourado<\/h3><p class=\"elementor-image-box-description\">O piso de concreto vassourado tem como caracter\u00edstica o acabamento feito com um vassour\u00e3o de textura criando ranhuras tornando a superf\u00edcie rugosa, o que impossibilita os escorreg\u00f5es que causam quedas.<\/p><\/div><\/div>\t\t<\/div>\n\t\t\t\t<\/div>\n\t\t\t\t\t<\/div>\n\t\t<\/div>\n\t\t\t\t<div class=\"elementor-column elementor-col-50 elementor-top-column elementor-element elementor-element-f2293ec\" data-id=\"f2293ec\" data-element_type=\"column\">\n\t\t\t<div class=\"elementor-widget-wrap elementor-element-populated\">\n\t\t\t\t\t\t\t\t<div class=\"elementor-element elementor-element-9b36907 elementor-position-left elementor-vertical-align-top elementor-widget elementor-widget-image-box\" data-id=\"9b36907\" data-element_type=\"widget\" data-widget_type=\"image-box.default\">\n\t\t\t\t<div class=\"elementor-widget-container\">\n\t\t\t<div class=\"elementor-image-box-wrapper\"><figure class=\"elementor-image-box-img\"><img loading=\"lazy\" decoding=\"async\" width=\"569\" height=\"481\" src=\"https:\/\/lempisos.com.br\/wp-content\/uploads\/2021\/06\/Concreto-discado.jpg\" class=\"attachment-full size-full\" alt=\"\" srcset=\"https:\/\/lempisos.com.br\/wp-content\/uploads\/2021\/06\/Concreto-discado.jpg 569w, https:\/\/lempisos.com.br\/wp-content\/uploads\/2021\/06\/Concreto-discado-300x254.jpg 300w\" sizes=\"auto, (max-width: 569px) 100vw, 569px\" \/><\/figure><div class=\"elementor-image-box-content\"><h3 class=\"elementor-image-box-title\">Piso de Concreto Discado<\/h3><p class=\"elementor-image-box-description\">Bastante indicado para obras de qualquer porte, tem como caracter\u00edstica o fato de j\u00e1 ficar nivelado, se tornando dessa forma ideal para assentar cer\u00e2mica ou porcelanato, ou seja, n\u00e3o h\u00e1 desperd\u00edcio com contra piso e m\u00e3o de obra para faz\u00ea-lo.  <\/p><\/div><\/div>\t\t<\/div>\n\t\t\t\t<\/div>\n\t\t\t\t\t<\/div>\n\t\t<\/div>\n\t\t\t\t\t\t\t<\/div>\n\t\t<\/section>\n\t\t\t\t<section data-particle_enable=\"false\" data-particle-mobile-disabled=\"false\" class=\"elementor-section elementor-top-section elementor-element elementor-element-5798071 elementor-section-boxed elementor-section-height-default elementor-section-height-default\" data-id=\"5798071\" data-element_type=\"section\">\n\t\t\t\t\t\t<div class=\"elementor-container elementor-column-gap-default\">\n\t\t\t\t\t<div class=\"elementor-column elementor-col-33 elementor-top-column elementor-element elementor-element-a7641cc\" data-id=\"a7641cc\" data-element_type=\"column\">\n\t\t\t<div class=\"elementor-widget-wrap\">\n\t\t\t\t\t\t\t\t\t<\/div>\n\t\t<\/div>\n\t\t\t\t<div class=\"elementor-column elementor-col-33 elementor-top-column elementor-element elementor-element-cdd38e7\" data-id=\"cdd38e7\" data-element_type=\"column\">\n\t\t\t<div class=\"elementor-widget-wrap\">\n\t\t\t\t\t\t\t\t\t<\/div>\n\t\t<\/div>\n\t\t\t\t<div class=\"elementor-column elementor-col-33 elementor-top-column elementor-element elementor-element-07ccc4d\" data-id=\"07ccc4d\" data-element_type=\"column\">\n\t\t\t<div class=\"elementor-widget-wrap\">\n\t\t\t\t\t\t\t\t\t<\/div>\n\t\t<\/div>\n\t\t\t\t\t\t\t<\/div>\n\t\t<\/section>\n\t\t\t\t\t\t<\/div>\n\t\t\t\t\t<\/div>\n\t\t","protected":false},"excerpt":{"rendered":"<p>Pisos de alta resist\u00eancia para os mais diversos tipos de ambientes EXPERI\u00caNCIA E PROFISSIONALISMO Uma empresa capacitada para oferecer as melhores solu\u00e7\u00f5es em Pisos Industriais Pisos Industriais com Qualidade O piso industrial \u00e9 tamb\u00e9m conhecido como piso de alta resist\u00eancia, como o pr\u00f3prio nome j\u00e1 diz, \u00e9 um tipo de piso muito utilizado em ambientes [&hellip;]<\/p>\n","protected":false},"author":1,"featured_media":0,"parent":0,"menu_order":0,"comment_status":"closed","ping_status":"closed","template":"","meta":{"footnotes":""},"class_list":["post-33","page","type-page","status-publish","hentry"],"_links":{"self":[{"href":"https:\/\/lempisos.com.br\/index.php?rest_route=\/wp\/v2\/pages\/33","targetHints":{"allow":["GET"]}}],"collection":[{"href":"https:\/\/lempisos.com.br\/index.php?rest_route=\/wp\/v2\/pages"}],"about":[{"href":"https:\/\/lempisos.com.br\/index.php?rest_route=\/wp\/v2\/types\/page"}],"author":[{"embeddable":true,"href":"https:\/\/lempisos.com.br\/index.php?rest_route=\/wp\/v2\/users\/1"}],"replies":[{"embeddable":true,"href":"https:\/\/lempisos.com.br\/index.php?rest_route=%2Fwp%2Fv2%2Fcomments&post=33"}],"version-history":[{"count":64,"href":"https:\/\/lempisos.com.br\/index.php?rest_route=\/wp\/v2\/pages\/33\/revisions"}],"predecessor-version":[{"id":155,"href":"https:\/\/lempisos.com.br\/index.php?rest_route=\/wp\/v2\/pages\/33\/revisions\/155"}],"wp:attachment":[{"href":"https:\/\/lempisos.com.br\/index.php?rest_route=%2Fwp%2Fv2%2Fmedia&parent=33"}],"curies":[{"name":"wp","href":"https:\/\/api.w.org\/{rel}","templated":true}]}}